{"id":319,"date":"2022-01-20T17:27:55","date_gmt":"2022-01-20T16:27:55","guid":{"rendered":"http:\/\/magic-on.fr\/?page_id=319"},"modified":"2025-02-21T16:10:15","modified_gmt":"2025-02-21T15:10:15","slug":"motiondesign","status":"publish","type":"page","link":"https:\/\/magic-on.fr\/?page_id=319","title":{"rendered":"MOTION DESIGN"},"content":{"rendered":"<div data-colibri-id=\"319-c1\" class=\"style-816 style-local-319-c1 position-relative\">\n  <!---->\n  <div data-colibri-component=\"section\" data-colibri-id=\"319-c2\" id=\"custom\" class=\"h-section h-section-global-spacing d-flex align-items-lg-center align-items-md-center align-items-center style-817 style-local-319-c2 position-relative\">\n    <!---->\n    <!---->\n    <div class=\"h-section-grid-container h-section-fluid-container\">\n      <!---->\n      <div data-colibri-id=\"319-c3\" class=\"h-row-container gutters-row-lg-2 gutters-row-md-2 gutters-row-0 gutters-row-v-lg-2 gutters-row-v-md-2 gutters-row-v-2 style-905 style-local-319-c3 position-relative\">\n        <!---->\n        <div class=\"h-row justify-content-lg-center justify-content-md-center justify-content-center align-items-lg-stretch align-items-md-stretch align-items-stretch gutters-col-lg-2 gutters-col-md-2 gutters-col-0 gutters-col-v-lg-2 gutters-col-v-md-2 gutters-col-v-2\">\n          <!---->\n          <div class=\"h-column h-column-container d-flex h-col-lg-auto h-col-md-auto h-col-auto style-906-outer style-local-319-c4-outer\">\n            <div data-colibri-id=\"319-c4\" class=\"d-flex h-flex-basis h-column__inner h-px-lg-2 h-px-md-2 h-px-2 v-inner-lg-2 v-inner-md-2 v-inner-2 style-906 style-local-319-c4 position-relative\">\n              <!---->\n              <!---->\n              <div class=\"w-100 h-y-container h-column__content h-column__v-align flex-basis-100 align-self-lg-start align-self-md-start align-self-start\">\n                <!---->\n                <div data-colibri-id=\"319-c5\" class=\"style-907 style-local-319-c5 position-relative h-element\">\n                  <!---->\n                <\/div>\n              <\/div>\n            <\/div>\n          <\/div>\n        <\/div>\n      <\/div>\n      <div data-colibri-id=\"319-c6\" class=\"h-row-container gutters-row-lg-2 gutters-row-md-2 gutters-row-0 gutters-row-v-lg-2 gutters-row-v-md-2 gutters-row-v-2 style-818 style-local-319-c6 h-hide-lg position-relative\">\n        <!---->\n        <div class=\"h-row justify-content-lg-start justify-content-md-start justify-content-start align-items-lg-stretch align-items-md-stretch align-items-stretch gutters-col-lg-2 gutters-col-md-2 gutters-col-0 gutters-col-v-lg-2 gutters-col-v-md-2 gutters-col-v-2\">\n          <!---->\n          <div class=\"h-column h-column-container d-flex h-col-lg-auto h-col-md-auto h-col-auto style-819-outer style-local-319-c7-outer\">\n            <div data-colibri-id=\"319-c7\" class=\"d-flex h-flex-basis h-column__inner h-px-lg-2 h-px-md-2 h-px-2 v-inner-lg-2 v-inner-md-2 v-inner-2 style-819 style-local-319-c7 position-relative\">\n              <!---->\n              <!---->\n              <div class=\"w-100 h-y-container h-column__content h-column__v-align flex-basis-100 align-self-lg-start align-self-md-start align-self-start\">\n                <!---->\n                <div data-colibri-id=\"319-c8\" class=\"h-text h-text-component style-824 style-local-319-c8 position-relative h-element\">\n                  <!---->\n                  <!---->\n                  <div class=\"\">\n                    <h3><span style=\"font-family: Muli; color: rgb(255, 255, 255);\">Vid\u00e9o Mapping<\/span><\/h3>\n                    <p>\n                      <br>\n                    <\/p>\n                    <p><span style=\"font-family: Muli;\">Donnez vie \u00e0 vos d\u00e9cors et cr\u00e9ez des effets \u00e9poustouflants gr\u00e2ce au vid\u00e9o mapping.<\/span><\/p>\n                    <p><span style=\"font-family: Muli;\">Fort d\u2019une exp\u00e9rience de plus de 10 ans dans le milieu du vid\u00e9o mapping ext\u00e9rieur, nous vous proposons d\u2019int\u00e9grer cette magie dans vos salles.<\/span><\/p>\n                    <p><span style=\"font-family: Muli;\">Soulignez ou transformez votre environnement gr\u00e2ce \u00e0 diverses illusions cr\u00e9\u00e9es sur mesure en jouant avec les reliefs de votre d\u00e9cor. Du plus petit espace aux pi\u00e8ces de plus de 100m2, le mapping vid\u00e9o s\u2019invite d\u00e9sormais partout. Nous \u00e9tudions pour vous les meilleures possibilit\u00e9s afin d\u2019offrir un spectacle et une immersion optimale \u00e0 vos visiteurs.<\/span><\/p>\n                    <p><span style=\"font-family: Muli;\">Diff\u00e9rentes s\u00e9quences peuvent \u00eatre d\u00e9clench\u00e9es soit par action de votre GM ou animateur, soit par automatisation avec int\u00e9gration \u00e0 votre syst\u00e8me jeu.<\/span><\/p>\n                    <p>\n                      <br>\n                    <\/p>\n                    <p>\n                      <br>\n                    <\/p>\n                    <p>\n                      <br>\n                    <\/p>\n                  <\/div>\n                <\/div>\n                <div data-colibri-id=\"319-c9\" class=\"h-x-container style-825 style-local-319-c9 position-relative h-element\">\n                  <!---->\n                  <div class=\"h-x-container-inner style-dynamic-319-c9-group style-825-spacing style-local-319-c9-spacing\"><span class=\"h-button__outer style-826-outer style-local-319-c10-outer d-inline-flex h-element\"><a h-use-smooth-scroll=\"true\" href=\"https:\/\/magic-on.fr\/?page_id=8\"  data-colibri-id=\"319-c10\" class=\"d-flex w-100 align-items-center h-button justify-content-lg-center justify-content-md-center justify-content-center style-826 style-local-319-c10 position-relative\"><!----><!----> <span>DEMANDER UNE DEMO VIDEO<\/span><\/a>\n                    <\/span>\n                  <\/div>\n                <\/div>\n              <\/div>\n            <\/div>\n          <\/div>\n          <div class=\"h-column h-column-container d-flex h-col-lg-auto h-col-md-auto h-col-auto style-822-outer style-local-319-c12-outer\">\n            <div data-colibri-id=\"319-c12\" class=\"d-flex h-flex-basis h-column__inner h-ui-empty-state-container h-px-lg-2 h-px-md-2 h-px-2 v-inner-lg-2 v-inner-md-2 v-inner-2 style-822 style-local-319-c12 position-relative\">\n              <!---->\n              <!---->\n              <div class=\"w-100 h-y-container h-column__content h-column__v-align flex-basis-100\">\n                <!---->\n              <\/div>\n            <\/div>\n          <\/div>\n        <\/div>\n      <\/div>\n      <div data-colibri-id=\"319-c16\" class=\"h-row-container gutters-row-lg-2 gutters-row-md-2 gutters-row-0 gutters-row-v-lg-2 gutters-row-v-md-2 gutters-row-v-2 style-1234 style-local-319-c16 h-hide-md h-hide-sm position-relative\">\n        <!---->\n        <div class=\"h-row justify-content-lg-start justify-content-md-start justify-content-start align-items-lg-stretch align-items-md-stretch align-items-stretch gutters-col-lg-2 gutters-col-md-2 gutters-col-0 gutters-col-v-lg-2 gutters-col-v-md-2 gutters-col-v-2\">\n          <!---->\n          <div class=\"h-column h-column-container d-flex h-col-lg-auto h-col-md-auto h-col-auto style-819-outer style-local-319-c17-outer\">\n            <div data-colibri-id=\"319-c17\" class=\"d-flex h-flex-basis h-column__inner h-px-lg-2 h-px-md-2 h-px-2 v-inner-lg-2 v-inner-md-2 v-inner-2 style-819 style-local-319-c17 position-relative\">\n              <!---->\n              <!---->\n              <div class=\"w-100 h-y-container h-column__content h-column__v-align flex-basis-100 align-self-lg-start align-self-md-start align-self-start\">\n                <!---->\n                <div data-colibri-id=\"319-c18\" class=\"h-text h-text-component style-824 style-local-319-c18 position-relative h-element\">\n                  <!---->\n                  <!---->\n                  <div class=\"\">\n                    <h3><span style=\"color: rgb(255, 255, 255); font-family: Muli;\">Video Mapping<\/span><\/h3>\n                    <p>\n                      <br>\n                    <\/p>\n                    <p><span style=\"font-family: Muli;\">Donnez vie \u00e0 vos d\u00e9cors et cr\u00e9ez des effets \u00e9poustouflants gr\u00e2ce au vid\u00e9o mapping.<\/span><\/p>\n                    <p><span style=\"font-family: Muli;\">Fort d\u2019une exp\u00e9rience de plus de 10 ans dans le milieu du vid\u00e9o mapping ext\u00e9rieur, nous vous proposons d\u2019int\u00e9grer cette magie dans vos salles.<\/span><\/p>\n                    <p><span style=\"font-family: Muli;\">Soulignez ou transformez votre environnement gr\u00e2ce \u00e0 diverses illusions cr\u00e9\u00e9es sur mesure en jouant avec les reliefs de votre d\u00e9cor. Du plus petit espace aux pi\u00e8ces de plus de 100m2, le mapping vid\u00e9o s\u2019invite d\u00e9sormais partout. Nous \u00e9tudions pour vous les meilleures possibilit\u00e9s afin d\u2019offrir un spectacle et une immersion optimale \u00e0 vos visiteurs.<\/span><\/p>\n                    <p><span style=\"font-family: Muli;\">Diff\u00e9rentes s\u00e9quences peuvent \u00eatre d\u00e9clench\u00e9es soit par action de votre GM ou animateur, soit par automatisation avec int\u00e9gration \u00e0 votre syst\u00e8me jeu.<\/span><\/p>\n                    <p>\n                      <br>\n                    <\/p>\n                    <p>\n                      <br>\n                    <\/p>\n                    <p>\n                      <br>\n                    <\/p>\n                  <\/div>\n                <\/div>\n                <div data-colibri-id=\"319-c19\" class=\"h-x-container style-825 style-local-319-c19 position-relative h-element\">\n                  <!---->\n                  <div class=\"h-x-container-inner style-dynamic-319-c19-group style-825-spacing style-local-319-c19-spacing\"><span class=\"h-button__outer style-826-outer style-local-319-c20-outer d-inline-flex h-element\"><a h-use-smooth-scroll=\"true\" href=\"https:\/\/magic-on.fr\/?page_id=8\"  data-colibri-id=\"319-c20\" class=\"d-flex w-100 align-items-center h-button justify-content-lg-center justify-content-md-center justify-content-center style-826 style-local-319-c20 position-relative\"><!----><!----> <span>DEMANDER UNE DEMO VIDEO<\/span><\/a>\n                    <\/span>\n                  <\/div>\n                <\/div>\n                <div data-colibri-id=\"319-c21\" class=\"style-1137 style-local-319-c21 position-relative h-element\">\n                  <!---->\n                <\/div>\n              <\/div>\n            <\/div>\n          <\/div>\n          <div class=\"h-column h-column-container d-flex h-col-lg-auto h-col-md-auto h-col-auto style-822-outer style-local-319-c22-outer\">\n            <div data-colibri-id=\"319-c22\" class=\"d-flex h-flex-basis h-column__inner h-ui-empty-state-container h-px-lg-2 h-px-md-2 h-px-2 v-inner-lg-2 v-inner-md-2 v-inner-2 style-822 style-local-319-c22 position-relative\">\n              <!---->\n              <!---->\n              <div class=\"w-100 h-y-container h-column__content h-column__v-align flex-basis-100\">\n                <!---->\n              <\/div>\n            <\/div>\n          <\/div>\n        <\/div>\n      <\/div>\n      <div data-colibri-id=\"319-c13\" class=\"h-row-container gutters-row-lg-2 gutters-row-md-2 gutters-row-0 gutters-row-v-lg-2 gutters-row-v-md-2 gutters-row-v-2 style-1235 style-local-319-c13 h-hide-lg position-relative\">\n        <!---->\n        <div class=\"h-row justify-content-lg-center justify-content-md-center justify-content-center align-items-lg-stretch align-items-md-stretch align-items-stretch gutters-col-lg-2 gutters-col-md-2 gutters-col-0 gutters-col-v-lg-2 gutters-col-v-md-2 gutters-col-v-2\">\n          <!---->\n          <div class=\"h-column h-column-container d-flex h-col-lg-auto h-col-md-auto h-col-auto style-1135-outer style-local-319-c14-outer\">\n            <div data-colibri-id=\"319-c14\" class=\"d-flex h-flex-basis h-column__inner h-ui-empty-state-container h-px-lg-2 h-px-md-2 h-px-2 v-inner-lg-2 v-inner-md-2 v-inner-2 style-1135 style-local-319-c14 position-relative\">\n              <!---->\n              <!---->\n              <div class=\"w-100 h-y-container h-column__content h-column__v-align flex-basis-100\">\n                <!---->\n              <\/div>\n            <\/div>\n          <\/div>\n          <div class=\"h-column h-column-container d-flex h-col-lg-auto h-col-md-auto h-col-auto style-1136-outer style-local-319-c15-outer\">\n            <div data-colibri-id=\"319-c15\" class=\"d-flex h-flex-basis h-column__inner h-ui-empty-state-container h-px-lg-2 h-px-md-2 h-px-2 v-inner-lg-2 v-inner-md-2 v-inner-2 style-1136 style-local-319-c15 position-relative\">\n              <!---->\n              <!---->\n              <div class=\"w-100 h-y-container h-column__content h-column__v-align flex-basis-100\">\n                <!---->\n              <\/div>\n            <\/div>\n          <\/div>\n        <\/div>\n      <\/div>\n      <div data-colibri-id=\"319-c23\" class=\"h-row-container gutters-row-lg-2 gutters-row-md-2 gutters-row-0 gutters-row-v-lg-2 gutters-row-v-md-2 gutters-row-v-2 style-1134 style-local-319-c23 h-hide-md h-hide-sm position-relative\">\n        <!---->\n        <div class=\"h-row justify-content-lg-center justify-content-md-center justify-content-center align-items-lg-stretch align-items-md-stretch align-items-stretch gutters-col-lg-2 gutters-col-md-2 gutters-col-0 gutters-col-v-lg-2 gutters-col-v-md-2 gutters-col-v-2\">\n          <!---->\n          <div class=\"h-column h-column-container d-flex h-col-lg-auto h-col-md-auto h-col-auto style-1135-outer style-local-319-c24-outer\">\n            <div data-colibri-id=\"319-c24\" class=\"d-flex h-flex-basis h-column__inner h-ui-empty-state-container h-px-lg-2 h-px-md-2 h-px-2 v-inner-lg-2 v-inner-md-2 v-inner-2 style-1135 style-local-319-c24 position-relative\">\n              <!---->\n              <!---->\n              <div class=\"w-100 h-y-container h-column__content h-column__v-align flex-basis-100\">\n                <!---->\n              <\/div>\n            <\/div>\n          <\/div>\n          <div class=\"h-column h-column-container d-flex h-col-lg-auto h-col-md-auto h-col-auto style-1136-outer style-local-319-c25-outer\">\n            <div data-colibri-id=\"319-c25\" class=\"d-flex h-flex-basis h-column__inner h-ui-empty-state-container h-px-lg-2 h-px-md-2 h-px-2 v-inner-lg-2 v-inner-md-2 v-inner-2 style-1136 style-local-319-c25 position-relative\">\n              <!---->\n              <!---->\n              <div class=\"w-100 h-y-container h-column__content h-column__v-align flex-basis-100\">\n                <!---->\n              <\/div>\n            <\/div>\n          <\/div>\n        <\/div>\n      <\/div>\n    <\/div>\n  <\/div>\n<\/div>","protected":false},"excerpt":{"rendered":"<p>Vid\u00e9o Mapping Donnez vie \u00e0 vos d\u00e9cors et cr\u00e9ez des effets \u00e9poustouflants gr\u00e2ce au vid\u00e9o mapping. Fort d\u2019une exp\u00e9rience de plus de 10 ans dans le milieu du vid\u00e9o mapping ext\u00e9rieur, nous vous proposons d\u2019int\u00e9grer cette magie dans vos salles. Soulignez ou transformez votre environnement gr\u00e2ce \u00e0 diverses illusions cr\u00e9\u00e9es sur mesure en jouant avec [&hellip;]<\/p>\n","protected":false},"author":1,"featured_media":0,"parent":0,"menu_order":0,"comment_status":"closed","ping_status":"closed","template":"page-templates\/full-width-page.php","meta":[],"_links":{"self":[{"href":"https:\/\/magic-on.fr\/index.php?rest_route=\/wp\/v2\/pages\/319"}],"collection":[{"href":"https:\/\/magic-on.fr\/index.php?rest_route=\/wp\/v2\/pages"}],"about":[{"href":"https:\/\/magic-on.fr\/index.php?rest_route=\/wp\/v2\/types\/page"}],"author":[{"embeddable":true,"href":"https:\/\/magic-on.fr\/index.php?rest_route=\/wp\/v2\/users\/1"}],"replies":[{"embeddable":true,"href":"https:\/\/magic-on.fr\/index.php?rest_route=%2Fwp%2Fv2%2Fcomments&post=319"}],"version-history":[{"count":14,"href":"https:\/\/magic-on.fr\/index.php?rest_route=\/wp\/v2\/pages\/319\/revisions"}],"predecessor-version":[{"id":1657,"href":"https:\/\/magic-on.fr\/index.php?rest_route=\/wp\/v2\/pages\/319\/revisions\/1657"}],"wp:attachment":[{"href":"https:\/\/magic-on.fr\/index.php?rest_route=%2Fwp%2Fv2%2Fmedia&parent=319"}],"curies":[{"name":"wp","href":"https:\/\/api.w.org\/{rel}","templated":true}]}}